{"id":104,"date":"2017-10-24T11:42:25","date_gmt":"2017-10-24T09:42:25","guid":{"rendered":"http:\/\/terravista-immobilien.de\/?page_id=104"},"modified":"2018-08-17T08:33:53","modified_gmt":"2018-08-17T06:33:53","slug":"4-raum-wohnungen","status":"publish","type":"page","link":"https:\/\/terravista-immobilien.de\/index.php\/wohngebiet-heide\/4-raum-wohnungen\/","title":{"rendered":"4 Raum Wohnungen"},"content":{"rendered":"\n<p><strong>Im Moment sind im Heideweg keine 4-Raum-Wohnungen verf\u00fcgbar.<\/strong><\/p>\n\n\n\n<p>Gern k\u00f6nnen wir f\u00fcr Sie die n\u00e4chste frei werdende 4-Raum-Wohnung reservieren. Sie k\u00f6nnen uns erreichen unter:<\/p>\n\n\n\n<p>Telefon: 03774 \/ 177 523<br\/>Handy: 0170 \/ 860 4444<br\/>E-Mail: <a href=\"mailto:buero-szb@terravista-immobilien.de\">buero-szb@terravista-immobilien.de<\/a><\/p>\n","protected":false},"excerpt":{"rendered":"<p>Im Moment sind im Heideweg keine 4-Raum-Wohnungen verf\u00fcgbar. Gern k\u00f6nnen wir f\u00fcr Sie die n\u00e4chste frei werdende 4-Raum-Wohnung reservieren. Sie k\u00f6nnen uns erreichen unter: Telefon: 03774 \/ 177 523Handy: 0170 \/ 860 4444E-Mail: buero-szb@terravista-immobilien.de<\/p>\n","protected":false},"author":1,"featured_media":0,"parent":21,"menu_order":2,"comment_status":"closed","ping_status":"closed","template":"","meta":{"footnotes":""},"class_list":["post-104","page","type-page","status-publish","hentry"],"_links":{"self":[{"href":"https:\/\/terravista-immobilien.de\/index.php\/wp-json\/wp\/v2\/pages\/104","targetHints":{"allow":["GET"]}}],"collection":[{"href":"https:\/\/terravista-immobilien.de\/index.php\/wp-json\/wp\/v2\/pages"}],"about":[{"href":"https:\/\/terravista-immobilien.de\/index.php\/wp-json\/wp\/v2\/types\/page"}],"author":[{"embeddable":true,"href":"https:\/\/terravista-immobilien.de\/index.php\/wp-json\/wp\/v2\/users\/1"}],"replies":[{"embeddable":true,"href":"https:\/\/terravista-immobilien.de\/index.php\/wp-json\/wp\/v2\/comments?post=104"}],"version-history":[{"count":6,"href":"https:\/\/terravista-immobilien.de\/index.php\/wp-json\/wp\/v2\/pages\/104\/revisions"}],"predecessor-version":[{"id":4497,"href":"https:\/\/terravista-immobilien.de\/index.php\/wp-json\/wp\/v2\/pages\/104\/revisions\/4497"}],"up":[{"embeddable":true,"href":"https:\/\/terravista-immobilien.de\/index.php\/wp-json\/wp\/v2\/pages\/21"}],"wp:attachment":[{"href":"https:\/\/terravista-immobilien.de\/index.php\/wp-json\/wp\/v2\/media?parent=104"}],"curies":[{"name":"wp","href":"https:\/\/api.w.org\/{rel}","templated":true}]}}