{"id":19,"date":"2017-09-04T10:14:43","date_gmt":"2017-09-04T08:14:43","guid":{"rendered":"http:\/\/terravista.wotan.cc\/?page_id=19"},"modified":"2024-03-07T16:20:12","modified_gmt":"2024-03-07T15:20:12","slug":"kontakt-und-oeffnungszeiten","status":"publish","type":"page","link":"https:\/\/terravista-immobilien.de\/index.php\/kontakt-und-oeffnungszeiten\/","title":{"rendered":"Kontakt"},"content":{"rendered":"<p><strong>Terravista Immobilien GmbH<\/strong><br \/>\nv.d.d. Gesch\u00e4ftsf\u00fchrer, Hilmar Hemm<br \/>\nClayallee 344A<br \/>\n14169 Berlin<\/p>\n<p>Telefon: +49 174 4932294<br \/>\n<a href=\"mailto:terravista@hemm-eschborn.de\">terravista@hemm-eschborn.de<\/a><\/p>\n<p><strong>B\u00fcro Schwarzenberg<\/strong><br \/>\nSachsenfelder Stra\u00dfe 36<br \/>\n08340 Schwarzenberg<\/p>\n<p>Telefon: 03774 177523<br \/>\nHandy: 0170 860 4444<br \/>\nE-Mail: <a href=\"mailto:verwaltung@terravista-immobilien.de\">verwaltung@terravista-immobilien.de<\/a><br \/>\noder: <a href=\"mailto:buero-szb@terravista-immobilien.de\">buero-szb@terravista-immobilien.de<\/a><\/p>\n<p>Sprechzeiten B\u00fcro Schwarzenberg:<\/p>\n<table width=\"295\" cellspacing=\"0\" cellpadding=\"1\">\n<tbody>\n<tr>\n<td width=\"104\">Montag<\/td>\n<td width=\"237\">09:00\u201311:00<\/td>\n<\/tr>\n<tr>\n<td width=\"104\">Dienstag<\/td>\n<td width=\"237\">16:00\u201318:00<\/td>\n<\/tr>\n<tr>\n<td width=\"104\">Mittwoch<\/td>\n<td width=\"237\">geschlossen<\/td>\n<\/tr>\n<tr>\n<td width=\"104\">Donnerstag<\/td>\n<td width=\"237\">14:00\u201316:00<\/td>\n<\/tr>\n<tr>\n<td width=\"104\">Freitag<\/td>\n<td width=\"237\">09:00\u201311:00<\/td>\n<\/tr>\n<\/tbody>\n<\/table>\n","protected":false},"excerpt":{"rendered":"<p>Terravista Immobilien GmbH v.d.d. Gesch\u00e4ftsf\u00fchrer, Hilmar Hemm Clayallee 344A 14169 Berlin Telefon: +49 174 4932294 terravista@hemm-eschborn.de B\u00fcro Schwarzenberg Sachsenfelder Stra\u00dfe 36 08340 Schwarzenberg Telefon: 03774 177523 Handy: 0170 860 4444 E-Mail: verwaltung@terravista-immobilien.de oder: buero-szb@terravista-immobilien.de Sprechzeiten B\u00fcro Schwarzenberg: Montag 09:00\u201311:00 Dienstag 16:00\u201318:00 Mittwoch geschlossen Donnerstag 14:00\u201316:00 Freitag 09:00\u201311:00<\/p>\n","protected":false},"author":1,"featured_media":0,"parent":0,"menu_order":3,"comment_status":"closed","ping_status":"closed","template":"","meta":{"footnotes":""},"class_list":["post-19","page","type-page","status-publish","hentry"],"_links":{"self":[{"href":"https:\/\/terravista-immobilien.de\/index.php\/wp-json\/wp\/v2\/pages\/19","targetHints":{"allow":["GET"]}}],"collection":[{"href":"https:\/\/terravista-immobilien.de\/index.php\/wp-json\/wp\/v2\/pages"}],"about":[{"href":"https:\/\/terravista-immobilien.de\/index.php\/wp-json\/wp\/v2\/types\/page"}],"author":[{"embeddable":true,"href":"https:\/\/terravista-immobilien.de\/index.php\/wp-json\/wp\/v2\/users\/1"}],"replies":[{"embeddable":true,"href":"https:\/\/terravista-immobilien.de\/index.php\/wp-json\/wp\/v2\/comments?post=19"}],"version-history":[{"count":8,"href":"https:\/\/terravista-immobilien.de\/index.php\/wp-json\/wp\/v2\/pages\/19\/revisions"}],"predecessor-version":[{"id":12398,"href":"https:\/\/terravista-immobilien.de\/index.php\/wp-json\/wp\/v2\/pages\/19\/revisions\/12398"}],"wp:attachment":[{"href":"https:\/\/terravista-immobilien.de\/index.php\/wp-json\/wp\/v2\/media?parent=19"}],"curies":[{"name":"wp","href":"https:\/\/api.w.org\/{rel}","templated":true}]}}