{"id":27,"date":"2017-09-04T10:26:10","date_gmt":"2017-09-04T08:26:10","guid":{"rendered":"http:\/\/terravista.wotan.cc\/?page_id=27"},"modified":"2021-01-21T09:27:44","modified_gmt":"2021-01-21T08:27:44","slug":"projekt-balkonaufzuege","status":"publish","type":"page","link":"https:\/\/terravista-immobilien.de\/index.php\/projekt-balkonaufzuege\/","title":{"rendered":"Projekt Balkonaufzug"},"content":{"rendered":"<p>\u00a0<\/p>\n<table style=\"border-collapse: collapse; width: 100%;\">\n<tbody>\n<tr>\n<td style=\"width: 50%;\"><img decoding=\"async\" src=\"https:\/\/terravista-immobilien.de\/wp-content\/uploads\/2017\/09\/Projekt-Schwarzenberg-Ansicht-02.jpg\" \/><\/td>\n<td style=\"width: 50%;\"><img loading=\"lazy\" decoding=\"async\" class=\"alignnone  wp-image-12316\" src=\"https:\/\/terravista-immobilien.de\/wp-content\/uploads\/2021\/01\/IMG_Balkonaufzugsanlage_SF_40-768x1024.jpg\" alt=\"\" width=\"366\" height=\"488\" srcset=\"https:\/\/terravista-immobilien.de\/wp-content\/uploads\/2021\/01\/IMG_Balkonaufzugsanlage_SF_40-768x1024.jpg 768w, https:\/\/terravista-immobilien.de\/wp-content\/uploads\/2021\/01\/IMG_Balkonaufzugsanlage_SF_40-225x300.jpg 225w, https:\/\/terravista-immobilien.de\/wp-content\/uploads\/2021\/01\/IMG_Balkonaufzugsanlage_SF_40-1152x1536.jpg 1152w, https:\/\/terravista-immobilien.de\/wp-content\/uploads\/2021\/01\/IMG_Balkonaufzugsanlage_SF_40-1536x2048.jpg 1536w, https:\/\/terravista-immobilien.de\/wp-content\/uploads\/2021\/01\/IMG_Balkonaufzugsanlage_SF_40-scaled.jpg 1920w\" sizes=\"auto, (max-width: 366px) 100vw, 366px\" \/><\/td>\n<\/tr>\n<\/tbody>\n<\/table>\n<p>In der Sachsenfelder Str. 40 sind inzwischen altersgerechte Wohnungen mit Fahrstuhl bis zur Wohnung und neuen Balkonen entstanden.<\/p>\n<p>Der Bau hat am 18. Oktober 2017 begonnen und wurde inzwischen fertiggestellt. Der Aufzug l\u00e4uft im Probebetrieb und steht unmittelbar vor der Inbetriebnahme.<\/p>\n<p>Verf\u00fcgbar sind noch 1-Raum, 2-Raum und 3-Raum-Wohnungen, je nach individueller Grundrissgestaltung.<br \/>Rechtzeitiges anmelden sichert Ihnen eine der begehrten Wohnungen.<\/p>\n<p>Zus\u00e4tzlich k\u00f6nnen Sonderumbauten (zusammenlegen mehrerer Wohnungen, Behindertengerecht, etc.) f\u00fcr Sie vorgenommen werden.<br \/>Gern k\u00f6nnen Sie uns mit Ihren W\u00fcnschen kontaktieren.<\/p>\n<p>\u00dcber den Aktuellen Baufortschritt k\u00f6nnen Sie sich jederzeit in unserem <a href=\"http:\/\/terravista-immobilien.de\/index.php\/blog\/\"><strong>Blog<\/strong><\/a> informieren!<\/p>\n<p>\u00a0<\/p>\n<hr \/>\n<p>\u00a0<\/p>\n<p><strong><a href=\"https:\/\/terravista-immobilien.de\/wp-content\/uploads\/2021\/01\/Energieausweis_Sachsenfelder_Str._34-40.pdf\">Energieausweis_Sachsenfelder_Str._34-40<\/a><\/strong><a href=\"https:\/\/terravista-immobilien.de\/wp-content\/uploads\/2021\/01\/Energieausweis_Sachsenfelder_Str._34-40.png\"><img loading=\"lazy\" decoding=\"async\" class=\"alignright wp-image-12329 size-thumbnail\" src=\"https:\/\/terravista-immobilien.de\/wp-content\/uploads\/2021\/01\/Energieausweis_Sachsenfelder_Str._34-40-150x150.png\" alt=\"\" width=\"150\" height=\"150\" srcset=\"https:\/\/terravista-immobilien.de\/wp-content\/uploads\/2021\/01\/Energieausweis_Sachsenfelder_Str._34-40-150x150.png 150w, https:\/\/terravista-immobilien.de\/wp-content\/uploads\/2021\/01\/Energieausweis_Sachsenfelder_Str._34-40-90x90.png 90w, https:\/\/terravista-immobilien.de\/wp-content\/uploads\/2021\/01\/Energieausweis_Sachsenfelder_Str._34-40-75x75.png 75w\" sizes=\"auto, (max-width: 150px) 100vw, 150px\" \/><\/a><\/p>\n<p>Baujahr Geb\u00e4ude: 1989\/90.<\/p>\n<p>Baujahr Anlagentechnik: 1989\/90.<\/p>\n<p>Energietr\u00e4ger: Fernw\u00e4rme.<br \/>Ausweistyp: Verbrauchsausweis.<br \/>Energiekennwert: 74,2 kWh\/(m2*a) inklusive Warmwasser.<\/p>\n\n","protected":false},"excerpt":{"rendered":"<p>\u00a0 In der Sachsenfelder Str. 40 sind inzwischen altersgerechte Wohnungen mit Fahrstuhl bis zur Wohnung und neuen Balkonen entstanden. Der Bau hat am 18. Oktober 2017 begonnen und wurde inzwischen fertiggestellt. Der Aufzug l\u00e4uft im Probebetrieb und steht unmittelbar vor der Inbetriebnahme. Verf\u00fcgbar sind noch 1-Raum, 2-Raum und 3-Raum-Wohnungen, je nach individueller Grundrissgestaltung.Rechtzeitiges anmelden sichert Ihnen eine der begehrten Wohnungen.<\/p>\n","protected":false},"author":1,"featured_media":0,"parent":0,"menu_order":1,"comment_status":"closed","ping_status":"closed","template":"","meta":{"footnotes":""},"class_list":["post-27","page","type-page","status-publish","hentry"],"_links":{"self":[{"href":"https:\/\/terravista-immobilien.de\/index.php\/wp-json\/wp\/v2\/pages\/27","targetHints":{"allow":["GET"]}}],"collection":[{"href":"https:\/\/terravista-immobilien.de\/index.php\/wp-json\/wp\/v2\/pages"}],"about":[{"href":"https:\/\/terravista-immobilien.de\/index.php\/wp-json\/wp\/v2\/types\/page"}],"author":[{"embeddable":true,"href":"https:\/\/terravista-immobilien.de\/index.php\/wp-json\/wp\/v2\/users\/1"}],"replies":[{"embeddable":true,"href":"https:\/\/terravista-immobilien.de\/index.php\/wp-json\/wp\/v2\/comments?post=27"}],"version-history":[{"count":12,"href":"https:\/\/terravista-immobilien.de\/index.php\/wp-json\/wp\/v2\/pages\/27\/revisions"}],"predecessor-version":[{"id":12335,"href":"https:\/\/terravista-immobilien.de\/index.php\/wp-json\/wp\/v2\/pages\/27\/revisions\/12335"}],"wp:attachment":[{"href":"https:\/\/terravista-immobilien.de\/index.php\/wp-json\/wp\/v2\/media?parent=27"}],"curies":[{"name":"wp","href":"https:\/\/api.w.org\/{rel}","templated":true}]}}