{"id":98,"date":"2017-10-24T11:40:15","date_gmt":"2017-10-24T09:40:15","guid":{"rendered":"http:\/\/terravista-immobilien.de\/?page_id=98"},"modified":"2018-08-17T08:35:51","modified_gmt":"2018-08-17T06:35:51","slug":"2-raum-wohnungen","status":"publish","type":"page","link":"https:\/\/terravista-immobilien.de\/index.php\/wohngebiet-heide\/2-raum-wohnungen\/","title":{"rendered":"2 Raum Wohnungen"},"content":{"rendered":"\n<p><strong>Im Moment sind im Heideweg keine 2 &#8211; Raum Wohnungen verf\u00fcgbar.<br\/>\n<\/strong><\/p>\n\n\n\n<p>Gern k\u00f6nnen wir f\u00fcr Sie die n\u00e4chste frei werdende 2-Raum-Wohnung reservieren. Sie k\u00f6nnen uns erreichen unter:<\/p>\n\n\n\n<p>Telefon: 03774 \/ 177 523<br\/>Handy: 0170 \/ 860 4444<br\/>E-Mail: <a href=\"mailto:buero-szb@terravista-immobilien.de\">buero-szb@terravista-immobilien.de<\/a><a href=\"mailto:buero-szb@terravista-immobilien.de\"><\/a><\/p>\n","protected":false},"excerpt":{"rendered":"<p>Im Moment sind im Heideweg keine 2 &#8211; Raum Wohnungen verf\u00fcgbar. Gern k\u00f6nnen wir f\u00fcr Sie die n\u00e4chste frei werdende 2-Raum-Wohnung reservieren. Sie k\u00f6nnen uns erreichen unter: Telefon: 03774 \/ 177 523Handy: 0170 \/ 860 4444E-Mail: buero-szb@terravista-immobilien.de<\/p>\n","protected":false},"author":1,"featured_media":0,"parent":21,"menu_order":0,"comment_status":"closed","ping_status":"closed","template":"","meta":{"footnotes":""},"class_list":["post-98","page","type-page","status-publish","hentry"],"_links":{"self":[{"href":"https:\/\/terravista-immobilien.de\/index.php\/wp-json\/wp\/v2\/pages\/98","targetHints":{"allow":["GET"]}}],"collection":[{"href":"https:\/\/terravista-immobilien.de\/index.php\/wp-json\/wp\/v2\/pages"}],"about":[{"href":"https:\/\/terravista-immobilien.de\/index.php\/wp-json\/wp\/v2\/types\/page"}],"author":[{"embeddable":true,"href":"https:\/\/terravista-immobilien.de\/index.php\/wp-json\/wp\/v2\/users\/1"}],"replies":[{"embeddable":true,"href":"https:\/\/terravista-immobilien.de\/index.php\/wp-json\/wp\/v2\/comments?post=98"}],"version-history":[{"count":3,"href":"https:\/\/terravista-immobilien.de\/index.php\/wp-json\/wp\/v2\/pages\/98\/revisions"}],"predecessor-version":[{"id":4499,"href":"https:\/\/terravista-immobilien.de\/index.php\/wp-json\/wp\/v2\/pages\/98\/revisions\/4499"}],"up":[{"embeddable":true,"href":"https:\/\/terravista-immobilien.de\/index.php\/wp-json\/wp\/v2\/pages\/21"}],"wp:attachment":[{"href":"https:\/\/terravista-immobilien.de\/index.php\/wp-json\/wp\/v2\/media?parent=98"}],"curies":[{"name":"wp","href":"https:\/\/api.w.org\/{rel}","templated":true}]}}